{"id":1587,"date":"2021-02-12T11:35:22","date_gmt":"2021-02-12T10:35:22","guid":{"rendered":"https:\/\/www.mamatrotter.com\/produit\/small-country-pate\/"},"modified":"2021-02-24T17:38:50","modified_gmt":"2021-02-24T16:38:50","slug":"small-country-pate","status":"publish","type":"product","link":"https:\/\/www.mamatrotter.com\/en\/produit\/small-country-pate\/","title":{"rendered":"Small country p\u00e2t\u00e9"},"content":{"rendered":"<p> Small country p\u00e2t\u00e9. <\/p>\n<p> <span style = \"text-decoration: underline;\"> List of ingredients <\/span>: <\/p>\n<p> Meat, pork fat and liver, milk, egg white, onions, white wine (contains sulphites), salt, pepper, garlic, bouquet garni <\/p>\n<p> <span style = \"text-decoration: underline;\"> Packaging <\/span>: <\/p>\n<p> 100G <\/p>\n<p> <span style = \"text-decoration: underline;\"> DLC \/ DLUO <\/span>: <\/p>\n<p> 02\/21 <\/p>\n","protected":false},"excerpt":{"rendered":"<p>Small country p\u00e2t\u00e9.<\/p>\n","protected":false},"featured_media":1265,"comment_status":"closed","ping_status":"closed","template":"","meta":{"_acf_changed":false},"product_brand":[],"product_cat":[543],"product_tag":[],"class_list":{"0":"post-1587","1":"product","2":"type-product","3":"status-publish","4":"has-post-thumbnail","6":"product_cat-our-delicacies","7":"pa_marque-gaec-des-hirondelles-en","9":"first","10":"instock","11":"taxable","12":"shipping-taxable","13":"purchasable","14":"product-type-simple"},"acf":[],"_links":{"self":[{"href":"https:\/\/www.mamatrotter.com\/en\/wp-json\/wp\/v2\/product\/1587","targetHints":{"allow":["GET"]}}],"collection":[{"href":"https:\/\/www.mamatrotter.com\/en\/wp-json\/wp\/v2\/product"}],"about":[{"href":"https:\/\/www.mamatrotter.com\/en\/wp-json\/wp\/v2\/types\/product"}],"replies":[{"embeddable":true,"href":"https:\/\/www.mamatrotter.com\/en\/wp-json\/wp\/v2\/comments?post=1587"}],"version-history":[{"count":1,"href":"https:\/\/www.mamatrotter.com\/en\/wp-json\/wp\/v2\/product\/1587\/revisions"}],"predecessor-version":[{"id":1588,"href":"https:\/\/www.mamatrotter.com\/en\/wp-json\/wp\/v2\/product\/1587\/revisions\/1588"}],"wp:featuredmedia":[{"embeddable":true,"href":"https:\/\/www.mamatrotter.com\/en\/wp-json\/wp\/v2\/media\/1265"}],"wp:attachment":[{"href":"https:\/\/www.mamatrotter.com\/en\/wp-json\/wp\/v2\/media?parent=1587"}],"wp:term":[{"taxonomy":"product_brand","embeddable":true,"href":"https:\/\/www.mamatrotter.com\/en\/wp-json\/wp\/v2\/product_brand?post=1587"},{"taxonomy":"product_cat","embeddable":true,"href":"https:\/\/www.mamatrotter.com\/en\/wp-json\/wp\/v2\/product_cat?post=1587"},{"taxonomy":"product_tag","embeddable":true,"href":"https:\/\/www.mamatrotter.com\/en\/wp-json\/wp\/v2\/product_tag?post=1587"}],"curies":[{"name":"wp","href":"https:\/\/api.w.org\/{rel}","templated":true}]}}