{"id":2081,"date":"2021-03-02T10:50:08","date_gmt":"2021-03-02T09:50:08","guid":{"rendered":"https:\/\/www.mamatrotter.com\/?page_id=2081"},"modified":"2021-04-22T16:16:42","modified_gmt":"2021-04-22T14:16:42","slug":"nos-vins","status":"publish","type":"page","link":"https:\/\/www.mamatrotter.com\/fr\/boutique\/nos-vins\/","title":{"rendered":"Nos Vins"},"content":{"rendered":"\t\t<div data-elementor-type=\"wp-page\" data-elementor-id=\"2081\" class=\"elementor elementor-2081\" data-elementor-post-type=\"page\">\n\t\t\t\t\t\t<section class=\"elementor-section elementor-top-section elementor-element elementor-element-06d1dbb elementor-section-height-min-height elementor-section-boxed elementor-section-height-default elementor-section-items-middle\" data-id=\"06d1dbb\" data-element_type=\"section\" data-e-type=\"section\" data-settings=\"{&quot;background_background&quot;:&quot;classic&quot;}\">\n\t\t\t\t\t\t<div class=\"elementor-container elementor-column-gap-default\">\n\t\t\t\t\t<div class=\"elementor-column elementor-col-100 elementor-top-column elementor-element elementor-element-b359d3f\" data-id=\"b359d3f\" data-element_type=\"column\" data-e-type=\"column\">\n\t\t\t<div class=\"elementor-widget-wrap\">\n\t\t\t\t\t\t\t<\/div>\n\t\t<\/div>\n\t\t\t\t\t<\/div>\n\t\t<\/section>\n\t\t\t\t<section class=\"elementor-section elementor-top-section elementor-element elementor-element-636f21a elementor-section-boxed elementor-section-height-default elementor-section-height-default\" data-id=\"636f21a\" data-element_type=\"section\" data-e-type=\"section\">\n\t\t\t\t\t\t<div class=\"elementor-container elementor-column-gap-default\">\n\t\t\t\t\t<div class=\"elementor-column elementor-col-100 elementor-top-column elementor-element elementor-element-5d5887b\" data-id=\"5d5887b\" data-element_type=\"column\" data-e-type=\"column\">\n\t\t\t<div class=\"elementor-widget-wrap elementor-element-populated\">\n\t\t\t\t\t\t<div class=\"elementor-element elementor-element-a2240d6 elementor-widget elementor-widget-heading\" data-id=\"a2240d6\" data-element_type=\"widget\" data-e-type=\"widget\" data-widget_type=\"heading.default\">\n\t\t\t\t<div class=\"elementor-widget-container\">\n\t\t\t\t\t<h1 class=\"elementor-heading-title elementor-size-default\">Nos vins<\/h1>\t\t\t\t<\/div>\n\t\t\t\t<\/div>\n\t\t\t\t<div class=\"elementor-element elementor-element-687e194 elementor-widget elementor-widget-text-editor\" data-id=\"687e194\" data-element_type=\"widget\" data-e-type=\"widget\" data-widget_type=\"text-editor.default\">\n\t\t\t\t<div class=\"elementor-widget-container\">\n\t\t\t\t\t\t\t\t\t<p>Mama Tr\u00f8tter vous propose une s\u00e9lection de vins \u00e0 venir consommer sur place ou \u00e0 emporter dans notre resto boutique. Vous trouverez ci-dessous notre carte des vins \u00e0 faire d\u00e9filer pour voir toute notre carte :<\/p>\t\t\t\t\t\t\t\t<\/div>\n\t\t\t\t<\/div>\n\t\t\t\t\t<\/div>\n\t\t<\/div>\n\t\t\t\t\t<\/div>\n\t\t<\/section>\n\t\t\t\t<section class=\"elementor-section elementor-top-section elementor-element elementor-element-00a4b19 elementor-section-boxed elementor-section-height-default elementor-section-height-default\" data-id=\"00a4b19\" data-element_type=\"section\" data-e-type=\"section\">\n\t\t\t\t\t\t<div class=\"elementor-container elementor-column-gap-default\">\n\t\t\t\t\t<div class=\"elementor-column elementor-col-50 elementor-top-column elementor-element elementor-element-6e86dba\" data-id=\"6e86dba\" data-element_type=\"column\" data-e-type=\"column\">\n\t\t\t<div class=\"elementor-widget-wrap elementor-element-populated\">\n\t\t\t\t\t\t<div class=\"elementor-element elementor-element-9cfde1b elementor-widget elementor-widget-pdfjs_viewer\" data-id=\"9cfde1b\" data-element_type=\"widget\" data-e-type=\"widget\" data-widget_type=\"pdfjs_viewer.default\">\n\t\t\t\t<div class=\"elementor-widget-container\">\n\t\t\t\t\t<iframe src=\"https:\/\/www.mamatrotter.com\/wp-content\/plugins\/pdf-viewer-for-elementor\/assets\/pdfjs\/web\/viewer.html?file=https:\/\/www.mamatrotter.com\/wp-content\/uploads\/2021\/03\/MamaTrotter-cartedesvins-1.pdf&amp;embedded=true\" style=\"display: block; margin-left: auto; margin-right: auto; width: 640px; height: 1020px;\" frameborder=\"1\" marginheight=\"0px\" marginwidth=\"0px\" allowfullscreen><\/iframe>\t\t\t\t<\/div>\n\t\t\t\t<\/div>\n\t\t\t\t\t<\/div>\n\t\t<\/div>\n\t\t\t\t<div class=\"elementor-column elementor-col-50 elementor-top-column elementor-element elementor-element-a31e978\" data-id=\"a31e978\" data-element_type=\"column\" data-e-type=\"column\">\n\t\t\t<div class=\"elementor-widget-wrap elementor-element-populated\">\n\t\t\t\t\t\t<section class=\"elementor-section elementor-inner-section elementor-element elementor-element-09bf137 elementor-section-content-middle elementor-section-boxed elementor-section-height-default elementor-section-height-default\" data-id=\"09bf137\" data-element_type=\"section\" data-e-type=\"section\">\n\t\t\t\t\t\t<div class=\"elementor-container elementor-column-gap-default\">\n\t\t\t\t\t<div class=\"elementor-column elementor-col-50 elementor-inner-column elementor-element elementor-element-9632ee7\" data-id=\"9632ee7\" data-element_type=\"column\" data-e-type=\"column\">\n\t\t\t<div class=\"elementor-widget-wrap elementor-element-populated\">\n\t\t\t\t\t\t<div class=\"elementor-element elementor-element-81a5b97 elementor-widget elementor-widget-image\" data-id=\"81a5b97\" data-element_type=\"widget\" data-e-type=\"widget\" data-widget_type=\"image.default\">\n\t\t\t\t<div class=\"elementor-widget-container\">\n\t\t\t\t\t\t\t\t\t\t\t\t\t\t\t\t<a href=\"https:\/\/www.mamatrotter.com\/wp-content\/uploads\/2021\/03\/aoc-coteaux-du-lyonnais-vieilles-vignes-2017.jpg\" data-elementor-open-lightbox=\"yes\" data-elementor-lightbox-title=\"aoc-coteaux-du-lyonnais-vieilles-vignes-2017\" data-e-action-hash=\"#elementor-action%3Aaction%3Dlightbox%26settings%3DeyJpZCI6MjA5MCwidXJsIjoiaHR0cHM6XC9cL3d3dy5tYW1hdHJvdHRlci5jb21cL3dwLWNvbnRlbnRcL3VwbG9hZHNcLzIwMjFcLzAzXC9hb2MtY290ZWF1eC1kdS1seW9ubmFpcy12aWVpbGxlcy12aWduZXMtMjAxNy5qcGcifQ%3D%3D\">\n\t\t\t\t\t\t\t<img fetchpriority=\"high\" decoding=\"async\" width=\"300\" height=\"300\" src=\"https:\/\/www.mamatrotter.com\/wp-content\/uploads\/2021\/03\/aoc-coteaux-du-lyonnais-vieilles-vignes-2017-300x300.jpg\" class=\"attachment-medium size-medium wp-image-2090\" alt=\"\" srcset=\"https:\/\/www.mamatrotter.com\/wp-content\/uploads\/2021\/03\/aoc-coteaux-du-lyonnais-vieilles-vignes-2017-300x300.jpg 300w, https:\/\/www.mamatrotter.com\/wp-content\/uploads\/2021\/03\/aoc-coteaux-du-lyonnais-vieilles-vignes-2017-150x150.jpg 150w, https:\/\/www.mamatrotter.com\/wp-content\/uploads\/2021\/03\/aoc-coteaux-du-lyonnais-vieilles-vignes-2017-768x768.jpg 768w, https:\/\/www.mamatrotter.com\/wp-content\/uploads\/2021\/03\/aoc-coteaux-du-lyonnais-vieilles-vignes-2017-600x600.jpg 600w, https:\/\/www.mamatrotter.com\/wp-content\/uploads\/2021\/03\/aoc-coteaux-du-lyonnais-vieilles-vignes-2017-100x100.jpg 100w, https:\/\/www.mamatrotter.com\/wp-content\/uploads\/2021\/03\/aoc-coteaux-du-lyonnais-vieilles-vignes-2017.jpg 800w\" sizes=\"(max-width: 300px) 100vw, 300px\" \/>\t\t\t\t\t\t\t\t<\/a>\n\t\t\t\t\t\t\t\t\t\t\t\t\t\t\t<\/div>\n\t\t\t\t<\/div>\n\t\t\t\t\t<\/div>\n\t\t<\/div>\n\t\t\t\t<div class=\"elementor-column elementor-col-50 elementor-inner-column elementor-element elementor-element-c6d42f6\" data-id=\"c6d42f6\" data-element_type=\"column\" data-e-type=\"column\">\n\t\t\t<div class=\"elementor-widget-wrap elementor-element-populated\">\n\t\t\t\t\t\t<div class=\"elementor-element elementor-element-1ac60aa elementor-widget elementor-widget-image\" data-id=\"1ac60aa\" data-element_type=\"widget\" data-e-type=\"widget\" data-widget_type=\"image.default\">\n\t\t\t\t<div class=\"elementor-widget-container\">\n\t\t\t\t\t\t\t\t\t\t\t\t\t\t\t\t<a href=\"https:\/\/www.mamatrotter.com\/wp-content\/uploads\/2021\/03\/les-moraines.png\" data-elementor-open-lightbox=\"yes\" data-elementor-lightbox-title=\"les-moraines\" data-e-action-hash=\"#elementor-action%3Aaction%3Dlightbox%26settings%3DeyJpZCI6MjA4NiwidXJsIjoiaHR0cHM6XC9cL3d3dy5tYW1hdHJvdHRlci5jb21cL3dwLWNvbnRlbnRcL3VwbG9hZHNcLzIwMjFcLzAzXC9sZXMtbW9yYWluZXMucG5nIn0%3D\">\n\t\t\t\t\t\t\t<img decoding=\"async\" width=\"150\" height=\"300\" src=\"https:\/\/www.mamatrotter.com\/wp-content\/uploads\/2021\/03\/les-moraines-150x300.png\" class=\"attachment-medium size-medium wp-image-2086\" alt=\"\" srcset=\"https:\/\/www.mamatrotter.com\/wp-content\/uploads\/2021\/03\/les-moraines-150x300.png 150w, https:\/\/www.mamatrotter.com\/wp-content\/uploads\/2021\/03\/les-moraines-512x1024.png 512w, https:\/\/www.mamatrotter.com\/wp-content\/uploads\/2021\/03\/les-moraines-600x1199.png 600w, https:\/\/www.mamatrotter.com\/wp-content\/uploads\/2021\/03\/les-moraines-300x600.png 300w, https:\/\/www.mamatrotter.com\/wp-content\/uploads\/2021\/03\/les-moraines.png 709w\" sizes=\"(max-width: 150px) 100vw, 150px\" \/>\t\t\t\t\t\t\t\t<\/a>\n\t\t\t\t\t\t\t\t\t\t\t\t\t\t\t<\/div>\n\t\t\t\t<\/div>\n\t\t\t\t\t<\/div>\n\t\t<\/div>\n\t\t\t\t\t<\/div>\n\t\t<\/section>\n\t\t\t\t<section class=\"elementor-section elementor-inner-section elementor-element elementor-element-0a765c5 elementor-section-boxed elementor-section-height-default elementor-section-height-default\" data-id=\"0a765c5\" data-element_type=\"section\" data-e-type=\"section\">\n\t\t\t\t\t\t<div class=\"elementor-container elementor-column-gap-default\">\n\t\t\t\t\t<div class=\"elementor-column elementor-col-50 elementor-inner-column elementor-element elementor-element-2c21028\" data-id=\"2c21028\" data-element_type=\"column\" data-e-type=\"column\">\n\t\t\t<div class=\"elementor-widget-wrap elementor-element-populated\">\n\t\t\t\t\t\t<div class=\"elementor-element elementor-element-2b08fb0 elementor-widget elementor-widget-image\" data-id=\"2b08fb0\" data-element_type=\"widget\" data-e-type=\"widget\" data-widget_type=\"image.default\">\n\t\t\t\t<div class=\"elementor-widget-container\">\n\t\t\t\t\t\t\t\t\t\t\t\t\t\t\t\t<a href=\"https:\/\/www.mamatrotter.com\/wp-content\/uploads\/2021\/03\/CONDRIEU-Domaine-EYMIN-TICHOUX.jpg\" data-elementor-open-lightbox=\"yes\" data-elementor-lightbox-title=\"CONDRIEU-Domaine EYMIN-TICHOUX\" data-e-action-hash=\"#elementor-action%3Aaction%3Dlightbox%26settings%3DeyJpZCI6MjA4NCwidXJsIjoiaHR0cHM6XC9cL3d3dy5tYW1hdHJvdHRlci5jb21cL3dwLWNvbnRlbnRcL3VwbG9hZHNcLzIwMjFcLzAzXC9DT05EUklFVS1Eb21haW5lLUVZTUlOLVRJQ0hPVVguanBnIn0%3D\">\n\t\t\t\t\t\t\t<img decoding=\"async\" width=\"281\" height=\"300\" src=\"https:\/\/www.mamatrotter.com\/wp-content\/uploads\/2021\/03\/CONDRIEU-Domaine-EYMIN-TICHOUX-281x300.jpg\" class=\"attachment-medium size-medium wp-image-2084\" alt=\"\" srcset=\"https:\/\/www.mamatrotter.com\/wp-content\/uploads\/2021\/03\/CONDRIEU-Domaine-EYMIN-TICHOUX-281x300.jpg 281w, https:\/\/www.mamatrotter.com\/wp-content\/uploads\/2021\/03\/CONDRIEU-Domaine-EYMIN-TICHOUX-600x642.jpg 600w, https:\/\/www.mamatrotter.com\/wp-content\/uploads\/2021\/03\/CONDRIEU-Domaine-EYMIN-TICHOUX-561x600.jpg 561w, https:\/\/www.mamatrotter.com\/wp-content\/uploads\/2021\/03\/CONDRIEU-Domaine-EYMIN-TICHOUX.jpg 749w\" sizes=\"(max-width: 281px) 100vw, 281px\" \/>\t\t\t\t\t\t\t\t<\/a>\n\t\t\t\t\t\t\t\t\t\t\t\t\t\t\t<\/div>\n\t\t\t\t<\/div>\n\t\t\t\t\t<\/div>\n\t\t<\/div>\n\t\t\t\t<div class=\"elementor-column elementor-col-50 elementor-inner-column elementor-element elementor-element-2e1c027\" data-id=\"2e1c027\" data-element_type=\"column\" data-e-type=\"column\">\n\t\t\t<div class=\"elementor-widget-wrap elementor-element-populated\">\n\t\t\t\t\t\t<div class=\"elementor-element elementor-element-05d43de elementor-widget elementor-widget-image\" data-id=\"05d43de\" data-element_type=\"widget\" data-e-type=\"widget\" data-widget_type=\"image.default\">\n\t\t\t\t<div class=\"elementor-widget-container\">\n\t\t\t\t\t\t\t\t\t\t\t\t\t\t\t<img loading=\"lazy\" decoding=\"async\" width=\"162\" height=\"300\" src=\"https:\/\/www.mamatrotter.com\/wp-content\/uploads\/2021\/03\/pack-Croix-du-Sud-Rouge-V2-Large-460x716-1-162x300.jpg\" class=\"attachment-medium size-medium wp-image-2088\" alt=\"\" srcset=\"https:\/\/www.mamatrotter.com\/wp-content\/uploads\/2021\/03\/pack-Croix-du-Sud-Rouge-V2-Large-460x716-1-162x300.jpg 162w, https:\/\/www.mamatrotter.com\/wp-content\/uploads\/2021\/03\/pack-Croix-du-Sud-Rouge-V2-Large-460x716-1-325x600.jpg 325w, https:\/\/www.mamatrotter.com\/wp-content\/uploads\/2021\/03\/pack-Croix-du-Sud-Rouge-V2-Large-460x716-1.jpg 460w\" sizes=\"(max-width: 162px) 100vw, 162px\" \/>\t\t\t\t\t\t\t\t\t\t\t\t\t\t\t<\/div>\n\t\t\t\t<\/div>\n\t\t\t\t\t<\/div>\n\t\t<\/div>\n\t\t\t\t\t<\/div>\n\t\t<\/section>\n\t\t\t\t\t<\/div>\n\t\t<\/div>\n\t\t\t\t\t<\/div>\n\t\t<\/section>\n\t\t\t\t<\/div>\n\t\t","protected":false},"excerpt":{"rendered":"<p>Nos vins Mama Tr\u00f8tter vous propose une s\u00e9lection de vins \u00e0 venir consommer sur place ou \u00e0 emporter dans notre resto boutique. Vous trouverez ci-dessous notre carte des vins \u00e0 faire d\u00e9filer pour voir toute notre carte :<\/p>\n","protected":false},"author":2,"featured_media":0,"parent":234,"menu_order":0,"comment_status":"closed","ping_status":"closed","template":"elementor_header_footer","meta":{"_acf_changed":false,"footnotes":""},"class_list":["post-2081","page","type-page","status-publish","hentry"],"acf":[],"_links":{"self":[{"href":"https:\/\/www.mamatrotter.com\/fr\/wp-json\/wp\/v2\/pages\/2081","targetHints":{"allow":["GET"]}}],"collection":[{"href":"https:\/\/www.mamatrotter.com\/fr\/wp-json\/wp\/v2\/pages"}],"about":[{"href":"https:\/\/www.mamatrotter.com\/fr\/wp-json\/wp\/v2\/types\/page"}],"author":[{"embeddable":true,"href":"https:\/\/www.mamatrotter.com\/fr\/wp-json\/wp\/v2\/users\/2"}],"replies":[{"embeddable":true,"href":"https:\/\/www.mamatrotter.com\/fr\/wp-json\/wp\/v2\/comments?post=2081"}],"version-history":[{"count":40,"href":"https:\/\/www.mamatrotter.com\/fr\/wp-json\/wp\/v2\/pages\/2081\/revisions"}],"predecessor-version":[{"id":2761,"href":"https:\/\/www.mamatrotter.com\/fr\/wp-json\/wp\/v2\/pages\/2081\/revisions\/2761"}],"up":[{"embeddable":true,"href":"https:\/\/www.mamatrotter.com\/fr\/wp-json\/wp\/v2\/pages\/234"}],"wp:attachment":[{"href":"https:\/\/www.mamatrotter.com\/fr\/wp-json\/wp\/v2\/media?parent=2081"}],"curies":[{"name":"wp","href":"https:\/\/api.w.org\/{rel}","templated":true}]}}