{"id":5167,"date":"2022-04-22T08:59:42","date_gmt":"2022-04-22T06:59:42","guid":{"rendered":"https:\/\/www.mamatrotter.com\/?page_id=5167"},"modified":"2022-04-22T09:13:08","modified_gmt":"2022-04-22T07:13:08","slug":"politique-de-confidentialite","status":"publish","type":"page","link":"https:\/\/www.mamatrotter.com\/fr\/politique-de-confidentialite\/","title":{"rendered":"Politique de Confidentialit\u00e9"},"content":{"rendered":"\t\t<div data-elementor-type=\"wp-page\" data-elementor-id=\"5167\" class=\"elementor elementor-5167\" data-elementor-post-type=\"page\">\n\t\t\t\t\t\t<section class=\"elementor-section elementor-top-section elementor-element elementor-element-45b3d5d elementor-section-boxed elementor-section-height-default elementor-section-height-default\" data-id=\"45b3d5d\" data-element_type=\"section\" data-e-type=\"section\">\n\t\t\t\t\t\t<div class=\"elementor-container elementor-column-gap-default\">\n\t\t\t\t\t<div class=\"elementor-column elementor-col-100 elementor-top-column elementor-element elementor-element-ccb47c0\" data-id=\"ccb47c0\" data-element_type=\"column\" data-e-type=\"column\">\n\t\t\t<div class=\"elementor-widget-wrap elementor-element-populated\">\n\t\t\t\t\t\t<div class=\"elementor-element elementor-element-46bad25 elementor-widget elementor-widget-heading\" data-id=\"46bad25\" data-element_type=\"widget\" data-e-type=\"widget\" data-widget_type=\"heading.default\">\n\t\t\t\t<div class=\"elementor-widget-container\">\n\t\t\t\t\t<h1 class=\"elementor-heading-title elementor-size-default\">Politique de confidentialit\u00e9<\/h1>\t\t\t\t<\/div>\n\t\t\t\t<\/div>\n\t\t\t\t<div class=\"elementor-element elementor-element-46b8ef0 elementor-widget elementor-widget-text-editor\" data-id=\"46b8ef0\" data-element_type=\"widget\" data-e-type=\"widget\" data-widget_type=\"text-editor.default\">\n\t\t\t\t<div class=\"elementor-widget-container\">\n\t\t\t\t\t\t\t\t\t<p><\/p><h2>Qui sommes-nous ?<\/h2><p><\/p><p><\/p><p>L\u2019adresse de notre site Web est : <a href=\"https:\/\/www.mamatrotter.com\">https:\/\/www.mamatrotter.com<\/a> .<\/p><p><\/p><p><\/p><p><\/p><p><\/p><h3>Formulaires de contact<\/h3><p><\/p><p><\/p><p>Sur notre site internet, nous disposons de formulaires de contact :<\/p><p><a href=\"https:\/\/www.mamatrotter.com\/fr\/reservation\/\" target=\"_blank\" rel=\"noopener\">https:\/\/www.mamatrotter.com\/fr\/reservation\/<\/a><\/p><p><blockquote class=\"wp-embedded-content\" data-secret=\"R4CjFo6mj4\"><a href=\"https:\/\/www.mamatrotter.com\/fr\/adresse\/\">Contactez-nous<\/a><\/blockquote><iframe class=\"wp-embedded-content\" sandbox=\"allow-scripts\" security=\"restricted\" style=\"position: absolute; clip: rect(1px, 1px, 1px, 1px);\" title=\"\u00ab\u00a0Contactez-nous\u00a0\u00bb &#8212; Mama Tr\u00f8tter\" src=\"https:\/\/www.mamatrotter.com\/fr\/adresse\/embed\/#?secret=DFgrsISMYo#?secret=R4CjFo6mj4\" data-secret=\"R4CjFo6mj4\" width=\"600\" height=\"338\" frameborder=\"0\" marginwidth=\"0\" marginheight=\"0\" scrolling=\"no\"><\/iframe><\/p><p>.<\/p><p><\/p><p><\/p><p><\/p><p><\/p><p><\/p><p><\/p><h3>Cookies<\/h3><p><\/p><p><\/p><p>En modifiant ou en publiant une publication, un cookie suppl\u00e9mentaire sera enregistr\u00e9 dans votre navigateur. Ce cookie ne comprend aucune donn\u00e9e personnelle. Il indique simplement l\u2019ID de la publication que vous venez de modifier. Il expire au bout d\u2019un jour.<\/p><p><\/p><p><\/p><h3>Contenu embarqu\u00e9 depuis d\u2019autres sites<\/h3><p><\/p><p><\/p><p>Les articles de ce site peuvent inclure des contenus int\u00e9gr\u00e9s (par exemple des vid\u00e9os, images, articles\u2026). Le contenu int\u00e9gr\u00e9 depuis d\u2019autres sites se comporte de la m\u00eame mani\u00e8re que si le visiteur se rendait sur cet autre site.<\/p><p><\/p><p><\/p><p>Ces sites web pourraient collecter des donn\u00e9es sur vous, utiliser des cookies, embarquer des outils de suivis tiers, suivre vos interactions avec ces contenus embarqu\u00e9s si vous disposez d\u2019un compte connect\u00e9 sur leur site web.<\/p><p><\/p><p><\/p><h3>Statistiques et mesures d\u2019audience<\/h3><p><\/p><p><\/p><p>Lors d&rsquo;une visite sur notre site internet, nous collectons les informations suivantes pour effectuer nos mesures de statistiques et de mesures d&rsquo;audience :<\/p><p><\/p><p><\/p><ul><li>Votre point d&rsquo;entr\u00e9e<\/li><li>D&rsquo;o\u00f9 vous venez (adresse internet gr\u00e2ce \u00e0 laquelle vous \u00eates arriv\u00e9 sur notre site internet)<\/li><li>Les pages que vous visit\u00e9s lors de votre navigation sur notre site internet<\/li><li>Le temps rest\u00e9 sur notre site internet<\/li><\/ul><p><\/p><p><\/p><h2>Utilisation et transmission de vos donn\u00e9es personnelles<\/h2><p><\/p><p><\/p><p>Vos donn\u00e9es ne sont pas c\u00e9d\u00e9es ou bien louer \u00e0 des tierces personnes<\/p><p><\/p><p><\/p><h2>Dur\u00e9es de stockage de vos donn\u00e9es<\/h2><p><\/p><p><\/p><p>Pour les utilisateurs et utilisatrices qui s\u2019enregistrent sur notre site (si cela est possible), nous stockons \u00e9galement les donn\u00e9es personnelles indiqu\u00e9es dans leur profil. Tous les utilisateurs et utilisatrices peuvent voir, modifier ou supprimer leurs informations personnelles \u00e0 tout moment (\u00e0 l\u2019exception de leur nom d\u2019utilisateur\u00b7ice). Les gestionnaires du site peuvent aussi voir et modifier ces informations.<\/p><p><\/p><p><\/p><h2>Les droits que vous avez sur vos donn\u00e9es<\/h2><p><\/p><p><\/p><p>Si vous avez un compte ou si vous avez laiss\u00e9 des commentaires sur le site, vous pouvez demander \u00e0 recevoir un fichier contenant toutes les donn\u00e9es personnelles que nous poss\u00e9dons \u00e0 votre sujet, incluant celles que vous nous avez fournies. Vous pouvez \u00e9galement demander la suppression des donn\u00e9es personnelles vous concernant. Cela ne prend pas en compte les donn\u00e9es stock\u00e9es \u00e0 des fins administratives, l\u00e9gales ou pour des raisons de s\u00e9curit\u00e9.<\/p><h2>Demande pour r\u00e9cup\u00e9rer vos donn\u00e9es personnelles ou bien les supprimer<\/h2><p><code>Par email \u00e0 contact@mamatrotter.com<br \/><\/code><\/p><h2>Transmission de vos donn\u00e9es personnelles<\/h2><p>Les commentaires des visiteurs peuvent \u00eatre v\u00e9rifi\u00e9s \u00e0 l\u2019aide d\u2019un service automatis\u00e9 de d\u00e9tection des commentaires ind\u00e9sirables.<\/p><p><\/p><p><\/p><h2>Transmission de vos donn\u00e9es personnelles<\/h2><p><\/p><p><\/p><p>Les commentaires des visiteurs peuvent \u00eatre v\u00e9rifi\u00e9s \u00e0 l\u2019aide d\u2019un service automatis\u00e9 de d\u00e9tection des commentaires ind\u00e9sirables.<\/p><p><\/p><p><\/p><h2>Informations de contact<\/h2><p><\/p><p><\/p><p>La personne \u00e0 contacter pour demander la suppression l&rsquo;acc\u00e8s, la suppression ou bien la r\u00e9cup\u00e9ration de vos donn\u00e9es est :<\/p><p><\/p><p><\/p><p>Ryma Mamatrotter\u00a0 : contact@mamatrotter.com<\/p><p>Mamatrotter<\/p><p>13 Rue du Coll\u00e8ge<\/p><p>38200 Vienne<\/p><p>T\u00e9l : 04 74 48 06 43<\/p><p><\/p><p><\/p><p><\/p><p><\/p><h3>Comment nous prot\u00e9geons vos donn\u00e9es<\/h3><p><\/p><p><\/p><p>Vos donn\u00e9es sont prot\u00e9g\u00e9es sur notre serveur qui dispose d&rsquo;une s\u00e9curisation \u00e0 la saisie via le cryptage de toutes les pages du site internet via SSL.<\/p><p><\/p><p><\/p><p>Notre serveur dispose aussi d&rsquo;un encryptage des disques durs.<\/p><p><\/p><p><\/p><h3>Les services tiers qui nous transmettent des donn\u00e9e<\/h3><p><\/p><p><\/p><p>Les donn\u00e9es de suivies de navigation son transmises \u00e0 Google Analytics.<\/p><p><\/p><p><\/p><h3>Op\u00e9rations de marketing automatis\u00e9 et\/ou de profilage r\u00e9alis\u00e9es \u00e0 l\u2019aide des donn\u00e9es personnelles<\/h3><p><\/p><p><\/p><p>Lors de la finalisation du remplissage d&rsquo;un formulaire de contact ou bien de demande de r\u00e9servation d&rsquo;un terminal de paiement. Notre service commercial vous contactera via un appel t\u00e9l\u00e9phonique en utilisant le num\u00e9ro de t\u00e9l\u00e9phone laiss\u00e9 lors de la saisie du formulaire ou bien via la messagerie \u00e9lectronique de notre service commercial en utilisant l&rsquo;adresse email saisie sur le formulaire.<\/p><p><\/p>\t\t\t\t\t\t\t\t<\/div>\n\t\t\t\t<\/div>\n\t\t\t\t\t<\/div>\n\t\t<\/div>\n\t\t\t\t\t<\/div>\n\t\t<\/section>\n\t\t\t\t<\/div>\n\t\t","protected":false},"excerpt":{"rendered":"<p>Politique de confidentialit\u00e9 Qui sommes-nous ? L\u2019adresse de notre site Web est : https:\/\/www.mamatrotter.com . Formulaires de contact Sur notre site internet, nous disposons de formulaires de contact : https:\/\/www.mamatrotter.com\/fr\/reservation\/ Contactez-nous . Cookies En modifiant ou en publiant une publication, un cookie suppl\u00e9mentaire sera enregistr\u00e9 dans votre navigateur. Ce cookie ne comprend aucune donn\u00e9e personnelle. [&hellip;]<\/p>\n","protected":false},"author":2,"featured_media":0,"parent":0,"menu_order":0,"comment_status":"closed","ping_status":"closed","template":"elementor_header_footer","meta":{"_acf_changed":false,"footnotes":""},"class_list":["post-5167","page","type-page","status-publish","hentry"],"acf":[],"_links":{"self":[{"href":"https:\/\/www.mamatrotter.com\/fr\/wp-json\/wp\/v2\/pages\/5167","targetHints":{"allow":["GET"]}}],"collection":[{"href":"https:\/\/www.mamatrotter.com\/fr\/wp-json\/wp\/v2\/pages"}],"about":[{"href":"https:\/\/www.mamatrotter.com\/fr\/wp-json\/wp\/v2\/types\/page"}],"author":[{"embeddable":true,"href":"https:\/\/www.mamatrotter.com\/fr\/wp-json\/wp\/v2\/users\/2"}],"replies":[{"embeddable":true,"href":"https:\/\/www.mamatrotter.com\/fr\/wp-json\/wp\/v2\/comments?post=5167"}],"version-history":[{"count":4,"href":"https:\/\/www.mamatrotter.com\/fr\/wp-json\/wp\/v2\/pages\/5167\/revisions"}],"predecessor-version":[{"id":5179,"href":"https:\/\/www.mamatrotter.com\/fr\/wp-json\/wp\/v2\/pages\/5167\/revisions\/5179"}],"wp:attachment":[{"href":"https:\/\/www.mamatrotter.com\/fr\/wp-json\/wp\/v2\/media?parent=5167"}],"curies":[{"name":"wp","href":"https:\/\/api.w.org\/{rel}","templated":true}]}}