{"id":550,"date":"2021-02-10T14:54:06","date_gmt":"2021-02-10T13:54:06","guid":{"rendered":"https:\/\/www.mamatrotter.com\/?post_type=product&#038;p=550"},"modified":"2021-02-10T15:54:58","modified_gmt":"2021-02-10T14:54:58","slug":"biere-ambree-artisanale","status":"publish","type":"product","link":"https:\/\/www.mamatrotter.com\/fr\/produit\/biere-ambree-artisanale\/","title":{"rendered":"Bi\u00e8re ambr\u00e9e artisanale"},"content":{"rendered":"<p>La belle roche, bi\u00e8re artisanale ambr\u00e9e ale<\/p>\n<p><span style=\"text-decoration: underline;\">Liste d&rsquo;ingr\u00e9dients<\/span> :<\/p>\n<p>Eau, Malt d&rsquo;orge, sucre, houblon, levures<\/p>\n<p><span style=\"text-decoration: underline;\">Conditionnement<\/span> :<\/p>\n<p>33cl<\/p>\n<p><span style=\"text-decoration: underline;\">DLC\/DLUO<\/span> :<\/p>\n<p>03\/22<\/p>\n","protected":false},"excerpt":{"rendered":"<p>La belle roche, bi\u00e8re artisanale ambr\u00e9e ale<\/p>\n","protected":false},"featured_media":551,"comment_status":"open","ping_status":"closed","template":"","meta":{"_acf_changed":false},"product_brand":[],"product_cat":[503],"product_tag":[],"class_list":{"0":"post-550","1":"product","2":"type-product","3":"status-publish","4":"has-post-thumbnail","6":"product_cat-bieres-jus","7":"pa_marque-brasserie-des-roches","9":"first","10":"instock","11":"taxable","12":"shipping-taxable","13":"purchasable","14":"product-type-simple"},"acf":[],"_links":{"self":[{"href":"https:\/\/www.mamatrotter.com\/fr\/wp-json\/wp\/v2\/product\/550","targetHints":{"allow":["GET"]}}],"collection":[{"href":"https:\/\/www.mamatrotter.com\/fr\/wp-json\/wp\/v2\/product"}],"about":[{"href":"https:\/\/www.mamatrotter.com\/fr\/wp-json\/wp\/v2\/types\/product"}],"replies":[{"embeddable":true,"href":"https:\/\/www.mamatrotter.com\/fr\/wp-json\/wp\/v2\/comments?post=550"}],"version-history":[{"count":2,"href":"https:\/\/www.mamatrotter.com\/fr\/wp-json\/wp\/v2\/product\/550\/revisions"}],"predecessor-version":[{"id":579,"href":"https:\/\/www.mamatrotter.com\/fr\/wp-json\/wp\/v2\/product\/550\/revisions\/579"}],"wp:featuredmedia":[{"embeddable":true,"href":"https:\/\/www.mamatrotter.com\/fr\/wp-json\/wp\/v2\/media\/551"}],"wp:attachment":[{"href":"https:\/\/www.mamatrotter.com\/fr\/wp-json\/wp\/v2\/media?parent=550"}],"wp:term":[{"taxonomy":"product_brand","embeddable":true,"href":"https:\/\/www.mamatrotter.com\/fr\/wp-json\/wp\/v2\/product_brand?post=550"},{"taxonomy":"product_cat","embeddable":true,"href":"https:\/\/www.mamatrotter.com\/fr\/wp-json\/wp\/v2\/product_cat?post=550"},{"taxonomy":"product_tag","embeddable":true,"href":"https:\/\/www.mamatrotter.com\/fr\/wp-json\/wp\/v2\/product_tag?post=550"}],"curies":[{"name":"wp","href":"https:\/\/api.w.org\/{rel}","templated":true}]}}