{"id":618,"date":"2021-02-10T17:01:56","date_gmt":"2021-02-10T16:01:56","guid":{"rendered":"https:\/\/www.mamatrotter.com\/?post_type=product&#038;p=618"},"modified":"2021-02-10T17:01:56","modified_gmt":"2021-02-10T16:01:56","slug":"biere-de-noel","status":"publish","type":"product","link":"https:\/\/www.mamatrotter.com\/fr\/produit\/biere-de-noel\/","title":{"rendered":"Bi\u00e8re de No\u00ebl"},"content":{"rendered":"<p>Bi\u00e8re Artisanale La Belle roche. Bi\u00e8re de no\u00ebl.<\/p>\n<p><span style=\"text-decoration: underline;\">Liste d&rsquo;ingr\u00e9dients<\/span> :<\/p>\n<p>Eau, Malt d&rsquo;orge Bio, oranges bio, sucre bio, houblon, levures, \u00e9pices bio<\/p>\n<p><span style=\"text-decoration: underline;\">Conditionnement<\/span> :<\/p>\n<p>33cl<\/p>\n<p><span style=\"text-decoration: underline;\">DLC\/DLUO<\/span> :<\/p>\n<p>04\/21<\/p>\n","protected":false},"excerpt":{"rendered":"<p>Bi\u00e8re Artisanale La Belle roche. Bi\u00e8re de no\u00ebl.<\/p>\n","protected":false},"featured_media":619,"comment_status":"closed","ping_status":"closed","template":"","meta":{"_acf_changed":false},"product_brand":[],"product_cat":[503],"product_tag":[],"class_list":{"0":"post-618","1":"product","2":"type-product","3":"status-publish","4":"has-post-thumbnail","6":"product_cat-bieres-jus","7":"pa_marque-brasserie-des-roches","9":"first","10":"instock","11":"taxable","12":"shipping-taxable","13":"purchasable","14":"product-type-simple"},"acf":[],"_links":{"self":[{"href":"https:\/\/www.mamatrotter.com\/fr\/wp-json\/wp\/v2\/product\/618","targetHints":{"allow":["GET"]}}],"collection":[{"href":"https:\/\/www.mamatrotter.com\/fr\/wp-json\/wp\/v2\/product"}],"about":[{"href":"https:\/\/www.mamatrotter.com\/fr\/wp-json\/wp\/v2\/types\/product"}],"replies":[{"embeddable":true,"href":"https:\/\/www.mamatrotter.com\/fr\/wp-json\/wp\/v2\/comments?post=618"}],"version-history":[{"count":1,"href":"https:\/\/www.mamatrotter.com\/fr\/wp-json\/wp\/v2\/product\/618\/revisions"}],"predecessor-version":[{"id":620,"href":"https:\/\/www.mamatrotter.com\/fr\/wp-json\/wp\/v2\/product\/618\/revisions\/620"}],"wp:featuredmedia":[{"embeddable":true,"href":"https:\/\/www.mamatrotter.com\/fr\/wp-json\/wp\/v2\/media\/619"}],"wp:attachment":[{"href":"https:\/\/www.mamatrotter.com\/fr\/wp-json\/wp\/v2\/media?parent=618"}],"wp:term":[{"taxonomy":"product_brand","embeddable":true,"href":"https:\/\/www.mamatrotter.com\/fr\/wp-json\/wp\/v2\/product_brand?post=618"},{"taxonomy":"product_cat","embeddable":true,"href":"https:\/\/www.mamatrotter.com\/fr\/wp-json\/wp\/v2\/product_cat?post=618"},{"taxonomy":"product_tag","embeddable":true,"href":"https:\/\/www.mamatrotter.com\/fr\/wp-json\/wp\/v2\/product_tag?post=618"}],"curies":[{"name":"wp","href":"https:\/\/api.w.org\/{rel}","templated":true}]}}