{"id":633,"date":"2021-02-11T09:07:49","date_gmt":"2021-02-11T08:07:49","guid":{"rendered":"https:\/\/www.mamatrotter.com\/?post_type=product&#038;p=633"},"modified":"2021-02-11T09:07:49","modified_gmt":"2021-02-11T08:07:49","slug":"cuillere-a-miel-en-bois","status":"publish","type":"product","link":"https:\/\/www.mamatrotter.com\/fr\/produit\/cuillere-a-miel-en-bois\/","title":{"rendered":"Cuill\u00e8re \u00e0 miel en bois"},"content":{"rendered":"<p>Cuill\u00e8re \u00e0 miel en bois d&rsquo;olivier<\/p>\n","protected":false},"excerpt":{"rendered":"<p>Cuill\u00e8re \u00e0 miel en bois d&rsquo;olivier<\/p>\n","protected":false},"featured_media":634,"comment_status":"closed","ping_status":"closed","template":"","meta":{"_acf_changed":false},"product_brand":[],"product_cat":[506],"product_tag":[],"class_list":{"0":"post-633","1":"product","2":"type-product","3":"status-publish","4":"has-post-thumbnail","6":"product_cat-objets-cuisine","7":"pa_marque-mama-trotter","9":"first","10":"instock","11":"taxable","12":"shipping-taxable","13":"purchasable","14":"product-type-simple"},"acf":[],"_links":{"self":[{"href":"https:\/\/www.mamatrotter.com\/fr\/wp-json\/wp\/v2\/product\/633","targetHints":{"allow":["GET"]}}],"collection":[{"href":"https:\/\/www.mamatrotter.com\/fr\/wp-json\/wp\/v2\/product"}],"about":[{"href":"https:\/\/www.mamatrotter.com\/fr\/wp-json\/wp\/v2\/types\/product"}],"replies":[{"embeddable":true,"href":"https:\/\/www.mamatrotter.com\/fr\/wp-json\/wp\/v2\/comments?post=633"}],"version-history":[{"count":2,"href":"https:\/\/www.mamatrotter.com\/fr\/wp-json\/wp\/v2\/product\/633\/revisions"}],"predecessor-version":[{"id":636,"href":"https:\/\/www.mamatrotter.com\/fr\/wp-json\/wp\/v2\/product\/633\/revisions\/636"}],"wp:featuredmedia":[{"embeddable":true,"href":"https:\/\/www.mamatrotter.com\/fr\/wp-json\/wp\/v2\/media\/634"}],"wp:attachment":[{"href":"https:\/\/www.mamatrotter.com\/fr\/wp-json\/wp\/v2\/media?parent=633"}],"wp:term":[{"taxonomy":"product_brand","embeddable":true,"href":"https:\/\/www.mamatrotter.com\/fr\/wp-json\/wp\/v2\/product_brand?post=633"},{"taxonomy":"product_cat","embeddable":true,"href":"https:\/\/www.mamatrotter.com\/fr\/wp-json\/wp\/v2\/product_cat?post=633"},{"taxonomy":"product_tag","embeddable":true,"href":"https:\/\/www.mamatrotter.com\/fr\/wp-json\/wp\/v2\/product_tag?post=633"}],"curies":[{"name":"wp","href":"https:\/\/api.w.org\/{rel}","templated":true}]}}