{"id":649,"date":"2021-02-11T10:07:22","date_gmt":"2021-02-11T09:07:22","guid":{"rendered":"https:\/\/www.mamatrotter.com\/?post_type=product&#038;p=649"},"modified":"2021-02-11T10:10:07","modified_gmt":"2021-02-11T09:10:07","slug":"the-noir-the-de-noel","status":"publish","type":"product","link":"https:\/\/www.mamatrotter.com\/fr\/produit\/the-noir-the-de-noel\/","title":{"rendered":"Th\u00e9 Noir Th\u00e9 de No\u00ebl"},"content":{"rendered":"<p>Issu de l&rsquo;agriculture Biologique.<\/p>\n<p><span style=\"text-decoration: underline;\">Liste d&rsquo;ingr\u00e9dients<\/span> :<\/p>\n<p>Ecorses d&rsquo;orange, pommes, batons de cannelle, ar\u00f4me naturel, p\u00e9tales de roses, cardamome<\/p>\n<p>Conditionnement :<\/p>\n<p>100G<\/p>\n<p>DLC\/DLUO :<\/p>\n<p>10\/20<\/p>\n","protected":false},"excerpt":{"rendered":"<p>Issu de l&rsquo;agriculture Biologique.<\/p>\n","protected":false},"featured_media":651,"comment_status":"closed","ping_status":"closed","template":"","meta":{"_acf_changed":false},"product_brand":[],"product_cat":[504],"product_tag":[],"class_list":{"0":"post-649","1":"product","2":"type-product","3":"status-publish","4":"has-post-thumbnail","6":"product_cat-thes-cafes-chocolats","7":"pa_marque-terre-volupthe","9":"first","10":"instock","11":"taxable","12":"shipping-taxable","13":"purchasable","14":"product-type-simple"},"acf":[],"_links":{"self":[{"href":"https:\/\/www.mamatrotter.com\/fr\/wp-json\/wp\/v2\/product\/649","targetHints":{"allow":["GET"]}}],"collection":[{"href":"https:\/\/www.mamatrotter.com\/fr\/wp-json\/wp\/v2\/product"}],"about":[{"href":"https:\/\/www.mamatrotter.com\/fr\/wp-json\/wp\/v2\/types\/product"}],"replies":[{"embeddable":true,"href":"https:\/\/www.mamatrotter.com\/fr\/wp-json\/wp\/v2\/comments?post=649"}],"version-history":[{"count":1,"href":"https:\/\/www.mamatrotter.com\/fr\/wp-json\/wp\/v2\/product\/649\/revisions"}],"predecessor-version":[{"id":652,"href":"https:\/\/www.mamatrotter.com\/fr\/wp-json\/wp\/v2\/product\/649\/revisions\/652"}],"wp:featuredmedia":[{"embeddable":true,"href":"https:\/\/www.mamatrotter.com\/fr\/wp-json\/wp\/v2\/media\/651"}],"wp:attachment":[{"href":"https:\/\/www.mamatrotter.com\/fr\/wp-json\/wp\/v2\/media?parent=649"}],"wp:term":[{"taxonomy":"product_brand","embeddable":true,"href":"https:\/\/www.mamatrotter.com\/fr\/wp-json\/wp\/v2\/product_brand?post=649"},{"taxonomy":"product_cat","embeddable":true,"href":"https:\/\/www.mamatrotter.com\/fr\/wp-json\/wp\/v2\/product_cat?post=649"},{"taxonomy":"product_tag","embeddable":true,"href":"https:\/\/www.mamatrotter.com\/fr\/wp-json\/wp\/v2\/product_tag?post=649"}],"curies":[{"name":"wp","href":"https:\/\/api.w.org\/{rel}","templated":true}]}}