{"id":654,"date":"2021-02-11T10:16:23","date_gmt":"2021-02-11T09:16:23","guid":{"rendered":"https:\/\/www.mamatrotter.com\/?post_type=product&#038;p=654"},"modified":"2021-02-11T10:51:04","modified_gmt":"2021-02-11T09:51:04","slug":"the-vert-jasmin","status":"publish","type":"product","link":"https:\/\/www.mamatrotter.com\/fr\/produit\/the-vert-jasmin\/","title":{"rendered":"Th\u00e9 vert Jasmin"},"content":{"rendered":"<p>Th\u00e9 vert biologique de Chine \u00e0 la saveur fine et aromatique de jasmin, brass\u00e9 aux fleurs de jasmin Issu de l&rsquo;agriculture biologique.<\/p>\n<p><span style=\"text-decoration: underline;\">Liste d&rsquo;ingr\u00e9dients<\/span> :<\/p>\n<p>Jasmin<\/p>\n<p><span style=\"text-decoration: underline;\">Conditionnement<\/span> :<\/p>\n<p>100G<\/p>\n<p><span style=\"text-decoration: underline;\">DLC\/DLUO<\/span> :<\/p>\n<p>10\/22<\/p>\n","protected":false},"excerpt":{"rendered":"<p>Th\u00e9 vert biologique de Chine \u00e0 la saveur fine et aromatique de jasmin, brass\u00e9 aux fleurs de jasmin Issu de l&rsquo;agriculture biologique.<\/p>\n","protected":false},"featured_media":656,"comment_status":"closed","ping_status":"closed","template":"","meta":{"_acf_changed":false},"product_brand":[],"product_cat":[504],"product_tag":[],"class_list":{"0":"post-654","1":"product","2":"type-product","3":"status-publish","4":"has-post-thumbnail","6":"product_cat-thes-cafes-chocolats","7":"pa_marque-terre-volupthe","9":"first","10":"instock","11":"taxable","12":"shipping-taxable","13":"purchasable","14":"product-type-simple"},"acf":[],"_links":{"self":[{"href":"https:\/\/www.mamatrotter.com\/fr\/wp-json\/wp\/v2\/product\/654","targetHints":{"allow":["GET"]}}],"collection":[{"href":"https:\/\/www.mamatrotter.com\/fr\/wp-json\/wp\/v2\/product"}],"about":[{"href":"https:\/\/www.mamatrotter.com\/fr\/wp-json\/wp\/v2\/types\/product"}],"replies":[{"embeddable":true,"href":"https:\/\/www.mamatrotter.com\/fr\/wp-json\/wp\/v2\/comments?post=654"}],"version-history":[{"count":2,"href":"https:\/\/www.mamatrotter.com\/fr\/wp-json\/wp\/v2\/product\/654\/revisions"}],"predecessor-version":[{"id":686,"href":"https:\/\/www.mamatrotter.com\/fr\/wp-json\/wp\/v2\/product\/654\/revisions\/686"}],"wp:featuredmedia":[{"embeddable":true,"href":"https:\/\/www.mamatrotter.com\/fr\/wp-json\/wp\/v2\/media\/656"}],"wp:attachment":[{"href":"https:\/\/www.mamatrotter.com\/fr\/wp-json\/wp\/v2\/media?parent=654"}],"wp:term":[{"taxonomy":"product_brand","embeddable":true,"href":"https:\/\/www.mamatrotter.com\/fr\/wp-json\/wp\/v2\/product_brand?post=654"},{"taxonomy":"product_cat","embeddable":true,"href":"https:\/\/www.mamatrotter.com\/fr\/wp-json\/wp\/v2\/product_cat?post=654"},{"taxonomy":"product_tag","embeddable":true,"href":"https:\/\/www.mamatrotter.com\/fr\/wp-json\/wp\/v2\/product_tag?post=654"}],"curies":[{"name":"wp","href":"https:\/\/api.w.org\/{rel}","templated":true}]}}