{"id":662,"date":"2021-02-11T10:23:36","date_gmt":"2021-02-11T09:23:36","guid":{"rendered":"https:\/\/www.mamatrotter.com\/?post_type=product&#038;p=662"},"modified":"2021-02-11T10:23:36","modified_gmt":"2021-02-11T09:23:36","slug":"the-blanc-nuage-rose","status":"publish","type":"product","link":"https:\/\/www.mamatrotter.com\/fr\/produit\/the-blanc-nuage-rose\/","title":{"rendered":"Th\u00e9 blanc nuage Rose"},"content":{"rendered":"<p>Th\u00e9 blanc de Chine Pa\u00ee Mu Tan aux p\u00e9tales de roses, et \u00e0 l&rsquo;ar\u00f4me naturel de rose. Tr\u00e8s faible en th\u00e9ine, sa saveur est d\u00e9licate et fleurie. Issu de l&rsquo;agriculture Biologique.<\/p>\n<p><span style=\"text-decoration: underline;\">Liste d&rsquo;ingr\u00e9dients<\/span> :<\/p>\n<p>P\u00e9tales de rose et ar\u00f4me naturel de rose<\/p>\n<p><span style=\"text-decoration: underline;\">Conditionnement<\/span> :<\/p>\n<p>50G<\/p>\n<p><span style=\"text-decoration: underline;\">DLC\/DLUO<\/span> :<\/p>\n<p>02\/23<\/p>\n","protected":false},"excerpt":{"rendered":"<p>Th\u00e9 blanc de Chine Pa\u00ee Mu Tan aux p\u00e9tales de roses, et \u00e0 l&rsquo;ar\u00f4me naturel de rose. Tr\u00e8s faible en th\u00e9ine, sa saveur est d\u00e9licate et fleurie. Issu de l&rsquo;agriculture Biologique.<\/p>\n","protected":false},"featured_media":663,"comment_status":"closed","ping_status":"closed","template":"","meta":{"_acf_changed":false},"product_brand":[],"product_cat":[504],"product_tag":[],"class_list":{"0":"post-662","1":"product","2":"type-product","3":"status-publish","4":"has-post-thumbnail","6":"product_cat-thes-cafes-chocolats","7":"pa_marque-terre-volupthe","9":"first","10":"instock","11":"taxable","12":"shipping-taxable","13":"purchasable","14":"product-type-simple"},"acf":[],"_links":{"self":[{"href":"https:\/\/www.mamatrotter.com\/fr\/wp-json\/wp\/v2\/product\/662","targetHints":{"allow":["GET"]}}],"collection":[{"href":"https:\/\/www.mamatrotter.com\/fr\/wp-json\/wp\/v2\/product"}],"about":[{"href":"https:\/\/www.mamatrotter.com\/fr\/wp-json\/wp\/v2\/types\/product"}],"replies":[{"embeddable":true,"href":"https:\/\/www.mamatrotter.com\/fr\/wp-json\/wp\/v2\/comments?post=662"}],"version-history":[{"count":2,"href":"https:\/\/www.mamatrotter.com\/fr\/wp-json\/wp\/v2\/product\/662\/revisions"}],"predecessor-version":[{"id":665,"href":"https:\/\/www.mamatrotter.com\/fr\/wp-json\/wp\/v2\/product\/662\/revisions\/665"}],"wp:featuredmedia":[{"embeddable":true,"href":"https:\/\/www.mamatrotter.com\/fr\/wp-json\/wp\/v2\/media\/663"}],"wp:attachment":[{"href":"https:\/\/www.mamatrotter.com\/fr\/wp-json\/wp\/v2\/media?parent=662"}],"wp:term":[{"taxonomy":"product_brand","embeddable":true,"href":"https:\/\/www.mamatrotter.com\/fr\/wp-json\/wp\/v2\/product_brand?post=662"},{"taxonomy":"product_cat","embeddable":true,"href":"https:\/\/www.mamatrotter.com\/fr\/wp-json\/wp\/v2\/product_cat?post=662"},{"taxonomy":"product_tag","embeddable":true,"href":"https:\/\/www.mamatrotter.com\/fr\/wp-json\/wp\/v2\/product_tag?post=662"}],"curies":[{"name":"wp","href":"https:\/\/api.w.org\/{rel}","templated":true}]}}