{"id":671,"date":"2021-02-11T10:32:58","date_gmt":"2021-02-11T09:32:58","guid":{"rendered":"https:\/\/www.mamatrotter.com\/?post_type=product&#038;p=671"},"modified":"2021-02-11T10:32:58","modified_gmt":"2021-02-11T09:32:58","slug":"the-noir-ceylan-op-blackwood","status":"publish","type":"product","link":"https:\/\/www.mamatrotter.com\/fr\/produit\/the-noir-ceylan-op-blackwood\/","title":{"rendered":"Th\u00e9 Noir Ceylan op Blackwood"},"content":{"rendered":"<p>Excellent th\u00e9 noir du Sri Lanka, son infusion cuivr\u00e9e est puissante et assez cors\u00e9e. Sa saveur est fine et raffin\u00e9e.<\/p>\n<p><span style=\"text-decoration: underline;\">Liste d&rsquo;ingr\u00e9dients<\/span> :<\/p>\n<p>Th\u00e9 Noir<\/p>\n<p><span style=\"text-decoration: underline;\">Conditionnement<\/span> :<\/p>\n<p>100G<\/p>\n<p><span style=\"text-decoration: underline;\">DLC\/DLUO<\/span> :<\/p>\n<p>05\/21<\/p>\n","protected":false},"excerpt":{"rendered":"<p>Excellent th\u00e9 noir du Sri Lanka, son infusion cuivr\u00e9e est puissante et assez cors\u00e9e. Sa saveur est fine et raffin\u00e9e.<\/p>\n","protected":false},"featured_media":672,"comment_status":"closed","ping_status":"closed","template":"","meta":{"_acf_changed":false},"product_brand":[],"product_cat":[504],"product_tag":[],"class_list":{"0":"post-671","1":"product","2":"type-product","3":"status-publish","4":"has-post-thumbnail","6":"product_cat-thes-cafes-chocolats","7":"pa_marque-terre-volupthe","9":"first","10":"instock","11":"taxable","12":"shipping-taxable","13":"purchasable","14":"product-type-simple"},"acf":[],"_links":{"self":[{"href":"https:\/\/www.mamatrotter.com\/fr\/wp-json\/wp\/v2\/product\/671","targetHints":{"allow":["GET"]}}],"collection":[{"href":"https:\/\/www.mamatrotter.com\/fr\/wp-json\/wp\/v2\/product"}],"about":[{"href":"https:\/\/www.mamatrotter.com\/fr\/wp-json\/wp\/v2\/types\/product"}],"replies":[{"embeddable":true,"href":"https:\/\/www.mamatrotter.com\/fr\/wp-json\/wp\/v2\/comments?post=671"}],"version-history":[{"count":1,"href":"https:\/\/www.mamatrotter.com\/fr\/wp-json\/wp\/v2\/product\/671\/revisions"}],"predecessor-version":[{"id":673,"href":"https:\/\/www.mamatrotter.com\/fr\/wp-json\/wp\/v2\/product\/671\/revisions\/673"}],"wp:featuredmedia":[{"embeddable":true,"href":"https:\/\/www.mamatrotter.com\/fr\/wp-json\/wp\/v2\/media\/672"}],"wp:attachment":[{"href":"https:\/\/www.mamatrotter.com\/fr\/wp-json\/wp\/v2\/media?parent=671"}],"wp:term":[{"taxonomy":"product_brand","embeddable":true,"href":"https:\/\/www.mamatrotter.com\/fr\/wp-json\/wp\/v2\/product_brand?post=671"},{"taxonomy":"product_cat","embeddable":true,"href":"https:\/\/www.mamatrotter.com\/fr\/wp-json\/wp\/v2\/product_cat?post=671"},{"taxonomy":"product_tag","embeddable":true,"href":"https:\/\/www.mamatrotter.com\/fr\/wp-json\/wp\/v2\/product_tag?post=671"}],"curies":[{"name":"wp","href":"https:\/\/api.w.org\/{rel}","templated":true}]}}