{"id":674,"date":"2021-02-11T10:36:26","date_gmt":"2021-02-11T09:36:26","guid":{"rendered":"https:\/\/www.mamatrotter.com\/?post_type=product&#038;p=674"},"modified":"2021-02-11T10:36:26","modified_gmt":"2021-02-11T09:36:26","slug":"the-vert-zest-vert","status":"publish","type":"product","link":"https:\/\/www.mamatrotter.com\/fr\/produit\/the-vert-zest-vert\/","title":{"rendered":"Th\u00e9 vert Zest VERT"},"content":{"rendered":"<p>Issu de l&rsquo;agriculture Biologique th\u00e9 vert Sencha de Chine aux ar\u00f4mes naturels de citron, pamplemousse et bergamote avec p\u00e9tales de bleuet et calendula.<\/p>\n<p><span style=\"text-decoration: underline;\">Liste d&rsquo;ingr\u00e9dients<\/span> :<\/p>\n<p>Ar\u00f4mes de citron, pamplemousse et bergamote avec p\u00e9tales de bleuet et calendula<\/p>\n<p><span style=\"text-decoration: underline;\">Conditionnement<\/span> :<\/p>\n<p>100G<\/p>\n<p><span style=\"text-decoration: underline;\">DLC\/DLUO<\/span> :<\/p>\n<p>04\/22<\/p>\n","protected":false},"excerpt":{"rendered":"<p>Issu de l&rsquo;agriculture Biologique th\u00e9 vert Sencha de Chine aux ar\u00f4mes naturels de citron, pamplemousse et bergamote avec p\u00e9tales de bleuet et calendula.<\/p>\n","protected":false},"featured_media":675,"comment_status":"closed","ping_status":"closed","template":"","meta":{"_acf_changed":false},"product_brand":[],"product_cat":[504],"product_tag":[],"class_list":{"0":"post-674","1":"product","2":"type-product","3":"status-publish","4":"has-post-thumbnail","6":"product_cat-thes-cafes-chocolats","7":"pa_marque-terre-volupthe","9":"first","10":"instock","11":"taxable","12":"shipping-taxable","13":"purchasable","14":"product-type-simple"},"acf":[],"_links":{"self":[{"href":"https:\/\/www.mamatrotter.com\/fr\/wp-json\/wp\/v2\/product\/674","targetHints":{"allow":["GET"]}}],"collection":[{"href":"https:\/\/www.mamatrotter.com\/fr\/wp-json\/wp\/v2\/product"}],"about":[{"href":"https:\/\/www.mamatrotter.com\/fr\/wp-json\/wp\/v2\/types\/product"}],"replies":[{"embeddable":true,"href":"https:\/\/www.mamatrotter.com\/fr\/wp-json\/wp\/v2\/comments?post=674"}],"version-history":[{"count":1,"href":"https:\/\/www.mamatrotter.com\/fr\/wp-json\/wp\/v2\/product\/674\/revisions"}],"predecessor-version":[{"id":676,"href":"https:\/\/www.mamatrotter.com\/fr\/wp-json\/wp\/v2\/product\/674\/revisions\/676"}],"wp:featuredmedia":[{"embeddable":true,"href":"https:\/\/www.mamatrotter.com\/fr\/wp-json\/wp\/v2\/media\/675"}],"wp:attachment":[{"href":"https:\/\/www.mamatrotter.com\/fr\/wp-json\/wp\/v2\/media?parent=674"}],"wp:term":[{"taxonomy":"product_brand","embeddable":true,"href":"https:\/\/www.mamatrotter.com\/fr\/wp-json\/wp\/v2\/product_brand?post=674"},{"taxonomy":"product_cat","embeddable":true,"href":"https:\/\/www.mamatrotter.com\/fr\/wp-json\/wp\/v2\/product_cat?post=674"},{"taxonomy":"product_tag","embeddable":true,"href":"https:\/\/www.mamatrotter.com\/fr\/wp-json\/wp\/v2\/product_tag?post=674"}],"curies":[{"name":"wp","href":"https:\/\/api.w.org\/{rel}","templated":true}]}}