{"id":677,"date":"2021-02-11T10:39:05","date_gmt":"2021-02-11T09:39:05","guid":{"rendered":"https:\/\/www.mamatrotter.com\/?post_type=product&#038;p=677"},"modified":"2021-02-11T10:39:06","modified_gmt":"2021-02-11T09:39:06","slug":"the-noir-thai-indien","status":"publish","type":"product","link":"https:\/\/www.mamatrotter.com\/fr\/produit\/the-noir-thai-indien\/","title":{"rendered":"Th\u00e9 Noir Thai INDIEN"},"content":{"rendered":"<p>Issu de l&rsquo;agriculture biologique.<\/p>\n<p><span style=\"text-decoration: underline;\">Liste d&rsquo;ingr\u00e9dients<\/span> :<\/p>\n<p>Th\u00e9s noirs indiens m\u00e9lang\u00e9s \u00e0 des copeaux d&rsquo;\u00e9pices : cannelle, gingembre, clou de girofle, cardamome, cosses de cardamome<\/p>\n<p><span style=\"text-decoration: underline;\">Conditionnement<\/span> :<\/p>\n<p>100G<\/p>\n<p><span style=\"text-decoration: underline;\">DLC\/DLUO<\/span> :<\/p>\n<p>04\/22<\/p>\n","protected":false},"excerpt":{"rendered":"<p>Issu de l&rsquo;agriculture biologique.<\/p>\n","protected":false},"featured_media":678,"comment_status":"closed","ping_status":"closed","template":"","meta":{"_acf_changed":false},"product_brand":[],"product_cat":[504],"product_tag":[],"class_list":{"0":"post-677","1":"product","2":"type-product","3":"status-publish","4":"has-post-thumbnail","6":"product_cat-thes-cafes-chocolats","7":"pa_marque-terre-volupthe","9":"first","10":"instock","11":"taxable","12":"shipping-taxable","13":"purchasable","14":"product-type-simple"},"acf":[],"_links":{"self":[{"href":"https:\/\/www.mamatrotter.com\/fr\/wp-json\/wp\/v2\/product\/677","targetHints":{"allow":["GET"]}}],"collection":[{"href":"https:\/\/www.mamatrotter.com\/fr\/wp-json\/wp\/v2\/product"}],"about":[{"href":"https:\/\/www.mamatrotter.com\/fr\/wp-json\/wp\/v2\/types\/product"}],"replies":[{"embeddable":true,"href":"https:\/\/www.mamatrotter.com\/fr\/wp-json\/wp\/v2\/comments?post=677"}],"version-history":[{"count":1,"href":"https:\/\/www.mamatrotter.com\/fr\/wp-json\/wp\/v2\/product\/677\/revisions"}],"predecessor-version":[{"id":679,"href":"https:\/\/www.mamatrotter.com\/fr\/wp-json\/wp\/v2\/product\/677\/revisions\/679"}],"wp:featuredmedia":[{"embeddable":true,"href":"https:\/\/www.mamatrotter.com\/fr\/wp-json\/wp\/v2\/media\/678"}],"wp:attachment":[{"href":"https:\/\/www.mamatrotter.com\/fr\/wp-json\/wp\/v2\/media?parent=677"}],"wp:term":[{"taxonomy":"product_brand","embeddable":true,"href":"https:\/\/www.mamatrotter.com\/fr\/wp-json\/wp\/v2\/product_brand?post=677"},{"taxonomy":"product_cat","embeddable":true,"href":"https:\/\/www.mamatrotter.com\/fr\/wp-json\/wp\/v2\/product_cat?post=677"},{"taxonomy":"product_tag","embeddable":true,"href":"https:\/\/www.mamatrotter.com\/fr\/wp-json\/wp\/v2\/product_tag?post=677"}],"curies":[{"name":"wp","href":"https:\/\/api.w.org\/{rel}","templated":true}]}}