{"id":691,"date":"2021-02-11T10:58:13","date_gmt":"2021-02-11T09:58:13","guid":{"rendered":"https:\/\/www.mamatrotter.com\/?post_type=product&#038;p=691"},"modified":"2021-02-11T10:58:14","modified_gmt":"2021-02-11T09:58:14","slug":"miel-de-chataigner","status":"publish","type":"product","link":"https:\/\/www.mamatrotter.com\/fr\/produit\/miel-de-chataigner\/","title":{"rendered":"Miel de ch\u00e2taigner"},"content":{"rendered":"<p>Bois\u00e9 et persistant, Miel de France r\u00e9colt\u00e9 en Rh\u00f4nes-Alpes issu de l&rsquo;agriculture biologique.<\/p>\n<p><span style=\"text-decoration: underline;\">Conditionnement<\/span> :<\/p>\n<p>500G<\/p>\n<p><span style=\"text-decoration: underline;\">DLC\/DLUO<\/span> :<\/p>\n<p>05\/22<\/p>\n","protected":false},"excerpt":{"rendered":"<p>Bois\u00e9 et persistant, Miel de France r\u00e9colt\u00e9 en Rh\u00f4nes-Alpes issu de l&rsquo;agriculture biologique.<\/p>\n","protected":false},"featured_media":692,"comment_status":"closed","ping_status":"closed","template":"","meta":{"_acf_changed":false},"product_brand":[],"product_cat":[505],"product_tag":[],"class_list":{"0":"post-691","1":"product","2":"type-product","3":"status-publish","4":"has-post-thumbnail","6":"product_cat-confitures-miels","7":"pa_marque-gaec-les-ruchers-nomandes","9":"first","10":"instock","11":"taxable","12":"shipping-taxable","13":"purchasable","14":"product-type-simple"},"acf":[],"_links":{"self":[{"href":"https:\/\/www.mamatrotter.com\/fr\/wp-json\/wp\/v2\/product\/691","targetHints":{"allow":["GET"]}}],"collection":[{"href":"https:\/\/www.mamatrotter.com\/fr\/wp-json\/wp\/v2\/product"}],"about":[{"href":"https:\/\/www.mamatrotter.com\/fr\/wp-json\/wp\/v2\/types\/product"}],"replies":[{"embeddable":true,"href":"https:\/\/www.mamatrotter.com\/fr\/wp-json\/wp\/v2\/comments?post=691"}],"version-history":[{"count":2,"href":"https:\/\/www.mamatrotter.com\/fr\/wp-json\/wp\/v2\/product\/691\/revisions"}],"predecessor-version":[{"id":694,"href":"https:\/\/www.mamatrotter.com\/fr\/wp-json\/wp\/v2\/product\/691\/revisions\/694"}],"wp:featuredmedia":[{"embeddable":true,"href":"https:\/\/www.mamatrotter.com\/fr\/wp-json\/wp\/v2\/media\/692"}],"wp:attachment":[{"href":"https:\/\/www.mamatrotter.com\/fr\/wp-json\/wp\/v2\/media?parent=691"}],"wp:term":[{"taxonomy":"product_brand","embeddable":true,"href":"https:\/\/www.mamatrotter.com\/fr\/wp-json\/wp\/v2\/product_brand?post=691"},{"taxonomy":"product_cat","embeddable":true,"href":"https:\/\/www.mamatrotter.com\/fr\/wp-json\/wp\/v2\/product_cat?post=691"},{"taxonomy":"product_tag","embeddable":true,"href":"https:\/\/www.mamatrotter.com\/fr\/wp-json\/wp\/v2\/product_tag?post=691"}],"curies":[{"name":"wp","href":"https:\/\/api.w.org\/{rel}","templated":true}]}}