{"id":712,"date":"2021-02-11T11:24:25","date_gmt":"2021-02-11T10:24:25","guid":{"rendered":"https:\/\/www.mamatrotter.com\/?post_type=product&#038;p=712"},"modified":"2021-02-11T11:24:25","modified_gmt":"2021-02-11T10:24:25","slug":"vinaigre-a-la-pulpe-de-citron","status":"publish","type":"product","link":"https:\/\/www.mamatrotter.com\/fr\/produit\/vinaigre-a-la-pulpe-de-citron\/","title":{"rendered":"Vinaigre \u00e0 la pulpe de citron"},"content":{"rendered":"<p>Vinaigre \u00e0 la pulpe de citron.<\/p>\n<p><span style=\"text-decoration: underline;\">Liste d&rsquo;ingr\u00e9dients<\/span> :<\/p>\n<p>Vinaigre d&rsquo;alcool, pulpe de citron (25%), sucre, ar\u00f4mes naturels (extraits v\u00e9g\u00e9taux), sel de Gu\u00e9rande, \u00e9paississant : gomme de xanthane, conservateur bisulfite de potassium<\/p>\n<p><span style=\"text-decoration: underline;\">Conditionnement<\/span> :<\/p>\n<p>25cl<\/p>\n<p><span style=\"text-decoration: underline;\">DLC\/DLUO<\/span> :<\/p>\n<p>01\/23<\/p>\n","protected":false},"excerpt":{"rendered":"<p>Vinaigre \u00e0 la pulpe de citron.<\/p>\n","protected":false},"featured_media":713,"comment_status":"closed","ping_status":"closed","template":"","meta":{"_acf_changed":false},"product_brand":[],"product_cat":[529],"product_tag":[],"class_list":{"0":"post-712","1":"product","2":"type-product","3":"status-publish","4":"has-post-thumbnail","6":"product_cat-huiles-vinaigres","7":"pa_marque-boistray","9":"first","10":"instock","11":"taxable","12":"shipping-taxable","13":"purchasable","14":"product-type-simple"},"acf":[],"_links":{"self":[{"href":"https:\/\/www.mamatrotter.com\/fr\/wp-json\/wp\/v2\/product\/712","targetHints":{"allow":["GET"]}}],"collection":[{"href":"https:\/\/www.mamatrotter.com\/fr\/wp-json\/wp\/v2\/product"}],"about":[{"href":"https:\/\/www.mamatrotter.com\/fr\/wp-json\/wp\/v2\/types\/product"}],"replies":[{"embeddable":true,"href":"https:\/\/www.mamatrotter.com\/fr\/wp-json\/wp\/v2\/comments?post=712"}],"version-history":[{"count":1,"href":"https:\/\/www.mamatrotter.com\/fr\/wp-json\/wp\/v2\/product\/712\/revisions"}],"predecessor-version":[{"id":714,"href":"https:\/\/www.mamatrotter.com\/fr\/wp-json\/wp\/v2\/product\/712\/revisions\/714"}],"wp:featuredmedia":[{"embeddable":true,"href":"https:\/\/www.mamatrotter.com\/fr\/wp-json\/wp\/v2\/media\/713"}],"wp:attachment":[{"href":"https:\/\/www.mamatrotter.com\/fr\/wp-json\/wp\/v2\/media?parent=712"}],"wp:term":[{"taxonomy":"product_brand","embeddable":true,"href":"https:\/\/www.mamatrotter.com\/fr\/wp-json\/wp\/v2\/product_brand?post=712"},{"taxonomy":"product_cat","embeddable":true,"href":"https:\/\/www.mamatrotter.com\/fr\/wp-json\/wp\/v2\/product_cat?post=712"},{"taxonomy":"product_tag","embeddable":true,"href":"https:\/\/www.mamatrotter.com\/fr\/wp-json\/wp\/v2\/product_tag?post=712"}],"curies":[{"name":"wp","href":"https:\/\/api.w.org\/{rel}","templated":true}]}}