{"id":786,"date":"2021-02-11T15:24:17","date_gmt":"2021-02-11T14:24:17","guid":{"rendered":"https:\/\/www.mamatrotter.com\/?post_type=product&#038;p=786"},"modified":"2021-02-11T15:24:17","modified_gmt":"2021-02-11T14:24:17","slug":"ensemble-bol-cuillere-a-sel","status":"publish","type":"product","link":"https:\/\/www.mamatrotter.com\/fr\/produit\/ensemble-bol-cuillere-a-sel\/","title":{"rendered":"Ensemble bol + cuill\u00e8re \u00e0 sel"},"content":{"rendered":"<p>Ensemble bol + cuill\u00e8re \u00e0 sel en bois d&rsquo;olivier.<\/p>\n","protected":false},"excerpt":{"rendered":"<p>Ensemble bol + cuill\u00e8re \u00e0 sel en bois d&rsquo;olivier.<\/p>\n","protected":false},"featured_media":787,"comment_status":"closed","ping_status":"closed","template":"","meta":{"_acf_changed":false},"product_brand":[],"product_cat":[506],"product_tag":[],"class_list":{"0":"post-786","1":"product","2":"type-product","3":"status-publish","4":"has-post-thumbnail","6":"product_cat-objets-cuisine","7":"pa_marque-mama-trotter","9":"first","10":"instock","11":"taxable","12":"shipping-taxable","13":"purchasable","14":"product-type-simple"},"acf":[],"_links":{"self":[{"href":"https:\/\/www.mamatrotter.com\/fr\/wp-json\/wp\/v2\/product\/786","targetHints":{"allow":["GET"]}}],"collection":[{"href":"https:\/\/www.mamatrotter.com\/fr\/wp-json\/wp\/v2\/product"}],"about":[{"href":"https:\/\/www.mamatrotter.com\/fr\/wp-json\/wp\/v2\/types\/product"}],"replies":[{"embeddable":true,"href":"https:\/\/www.mamatrotter.com\/fr\/wp-json\/wp\/v2\/comments?post=786"}],"version-history":[{"count":1,"href":"https:\/\/www.mamatrotter.com\/fr\/wp-json\/wp\/v2\/product\/786\/revisions"}],"predecessor-version":[{"id":788,"href":"https:\/\/www.mamatrotter.com\/fr\/wp-json\/wp\/v2\/product\/786\/revisions\/788"}],"wp:featuredmedia":[{"embeddable":true,"href":"https:\/\/www.mamatrotter.com\/fr\/wp-json\/wp\/v2\/media\/787"}],"wp:attachment":[{"href":"https:\/\/www.mamatrotter.com\/fr\/wp-json\/wp\/v2\/media?parent=786"}],"wp:term":[{"taxonomy":"product_brand","embeddable":true,"href":"https:\/\/www.mamatrotter.com\/fr\/wp-json\/wp\/v2\/product_brand?post=786"},{"taxonomy":"product_cat","embeddable":true,"href":"https:\/\/www.mamatrotter.com\/fr\/wp-json\/wp\/v2\/product_cat?post=786"},{"taxonomy":"product_tag","embeddable":true,"href":"https:\/\/www.mamatrotter.com\/fr\/wp-json\/wp\/v2\/product_tag?post=786"}],"curies":[{"name":"wp","href":"https:\/\/api.w.org\/{rel}","templated":true}]}}