{"id":833,"date":"2021-02-11T16:07:48","date_gmt":"2021-02-11T15:07:48","guid":{"rendered":"https:\/\/www.mamatrotter.com\/?post_type=product&#038;p=833"},"modified":"2021-02-11T16:07:48","modified_gmt":"2021-02-11T15:07:48","slug":"minuteur-hippopotame-blanc-avec-tablier","status":"publish","type":"product","link":"https:\/\/www.mamatrotter.com\/fr\/produit\/minuteur-hippopotame-blanc-avec-tablier\/","title":{"rendered":"Minuteur hippopotame blanc avec tablier"},"content":{"rendered":"<p>Minuterie m\u00e9canique r\u00e9glable jusqu\u2019\u00e0 60 min, mettre d&rsquo;abord sur 60 min, r\u00e9gler ensuite en tournant \u00e0 contre-sens<\/p>\n","protected":false},"excerpt":{"rendered":"<p>Minuterie m\u00e9canique r\u00e9glable jusqu\u2019\u00e0 60 min, mettre d&rsquo;abord sur 60 min, r\u00e9gler ensuite en tournant \u00e0 contre-sens<\/p>\n","protected":false},"featured_media":834,"comment_status":"closed","ping_status":"closed","template":"","meta":{"_acf_changed":false},"product_brand":[],"product_cat":[506],"product_tag":[],"class_list":{"0":"post-833","1":"product","2":"type-product","3":"status-publish","4":"has-post-thumbnail","6":"product_cat-objets-cuisine","7":"pa_marque-nordik","9":"first","10":"instock","11":"taxable","12":"shipping-taxable","13":"purchasable","14":"product-type-simple"},"acf":[],"_links":{"self":[{"href":"https:\/\/www.mamatrotter.com\/fr\/wp-json\/wp\/v2\/product\/833","targetHints":{"allow":["GET"]}}],"collection":[{"href":"https:\/\/www.mamatrotter.com\/fr\/wp-json\/wp\/v2\/product"}],"about":[{"href":"https:\/\/www.mamatrotter.com\/fr\/wp-json\/wp\/v2\/types\/product"}],"replies":[{"embeddable":true,"href":"https:\/\/www.mamatrotter.com\/fr\/wp-json\/wp\/v2\/comments?post=833"}],"version-history":[{"count":2,"href":"https:\/\/www.mamatrotter.com\/fr\/wp-json\/wp\/v2\/product\/833\/revisions"}],"predecessor-version":[{"id":837,"href":"https:\/\/www.mamatrotter.com\/fr\/wp-json\/wp\/v2\/product\/833\/revisions\/837"}],"wp:featuredmedia":[{"embeddable":true,"href":"https:\/\/www.mamatrotter.com\/fr\/wp-json\/wp\/v2\/media\/834"}],"wp:attachment":[{"href":"https:\/\/www.mamatrotter.com\/fr\/wp-json\/wp\/v2\/media?parent=833"}],"wp:term":[{"taxonomy":"product_brand","embeddable":true,"href":"https:\/\/www.mamatrotter.com\/fr\/wp-json\/wp\/v2\/product_brand?post=833"},{"taxonomy":"product_cat","embeddable":true,"href":"https:\/\/www.mamatrotter.com\/fr\/wp-json\/wp\/v2\/product_cat?post=833"},{"taxonomy":"product_tag","embeddable":true,"href":"https:\/\/www.mamatrotter.com\/fr\/wp-json\/wp\/v2\/product_tag?post=833"}],"curies":[{"name":"wp","href":"https:\/\/api.w.org\/{rel}","templated":true}]}}