{"id":870,"date":"2021-02-11T21:02:04","date_gmt":"2021-02-11T20:02:04","guid":{"rendered":"https:\/\/www.mamatrotter.com\/?post_type=product&#038;p=870"},"modified":"2021-02-11T21:02:04","modified_gmt":"2021-02-11T20:02:04","slug":"huile-vrac-terroir","status":"publish","type":"product","link":"https:\/\/www.mamatrotter.com\/fr\/produit\/huile-vrac-terroir\/","title":{"rendered":"Huile Vrac terroir"},"content":{"rendered":"<p>Huile d&rsquo;olives Bio. Assaisonner et d\u00e9guster, cuisiner bon et \u00f8 d\u00e9chet.<\/p>\n<p><span style=\"text-decoration: underline;\">Conditionnement<\/span> :<\/p>\n<p>75cl<\/p>\n<p><span style=\"text-decoration: underline;\">DLC\/DLUO<\/span> :<\/p>\n<p>01\/23<\/p>\n","protected":false},"excerpt":{"rendered":"<p>Huile d&rsquo;olives Bio. Assaisonner et d\u00e9guster, cuisiner bon et \u00f8 d\u00e9chet.<\/p>\n","protected":false},"featured_media":871,"comment_status":"closed","ping_status":"closed","template":"","meta":{"_acf_changed":false},"product_brand":[],"product_cat":[529],"product_tag":[],"class_list":{"0":"post-870","1":"product","2":"type-product","3":"status-publish","4":"has-post-thumbnail","6":"product_cat-huiles-vinaigres","7":"pa_marque-le-temps-des-oliviers","9":"first","10":"outofstock","11":"taxable","12":"shipping-taxable","13":"purchasable","14":"product-type-simple"},"acf":[],"_links":{"self":[{"href":"https:\/\/www.mamatrotter.com\/fr\/wp-json\/wp\/v2\/product\/870","targetHints":{"allow":["GET"]}}],"collection":[{"href":"https:\/\/www.mamatrotter.com\/fr\/wp-json\/wp\/v2\/product"}],"about":[{"href":"https:\/\/www.mamatrotter.com\/fr\/wp-json\/wp\/v2\/types\/product"}],"replies":[{"embeddable":true,"href":"https:\/\/www.mamatrotter.com\/fr\/wp-json\/wp\/v2\/comments?post=870"}],"version-history":[{"count":1,"href":"https:\/\/www.mamatrotter.com\/fr\/wp-json\/wp\/v2\/product\/870\/revisions"}],"predecessor-version":[{"id":872,"href":"https:\/\/www.mamatrotter.com\/fr\/wp-json\/wp\/v2\/product\/870\/revisions\/872"}],"wp:featuredmedia":[{"embeddable":true,"href":"https:\/\/www.mamatrotter.com\/fr\/wp-json\/wp\/v2\/media\/871"}],"wp:attachment":[{"href":"https:\/\/www.mamatrotter.com\/fr\/wp-json\/wp\/v2\/media?parent=870"}],"wp:term":[{"taxonomy":"product_brand","embeddable":true,"href":"https:\/\/www.mamatrotter.com\/fr\/wp-json\/wp\/v2\/product_brand?post=870"},{"taxonomy":"product_cat","embeddable":true,"href":"https:\/\/www.mamatrotter.com\/fr\/wp-json\/wp\/v2\/product_cat?post=870"},{"taxonomy":"product_tag","embeddable":true,"href":"https:\/\/www.mamatrotter.com\/fr\/wp-json\/wp\/v2\/product_tag?post=870"}],"curies":[{"name":"wp","href":"https:\/\/api.w.org\/{rel}","templated":true}]}}