{"id":954,"date":"2021-02-12T10:41:44","date_gmt":"2021-02-12T09:41:44","guid":{"rendered":"https:\/\/www.mamatrotter.com\/?post_type=product&#038;p=954"},"modified":"2021-02-25T09:19:32","modified_gmt":"2021-02-25T08:19:32","slug":"sachet-lavande-cedre-laurier-marron-girofle-grand","status":"publish","type":"product","link":"https:\/\/www.mamatrotter.com\/fr\/produit\/sachet-lavande-cedre-laurier-marron-girofle-grand\/","title":{"rendered":"Sachet Lavande C\u00e8dre Laurier marron girofle grand"},"content":{"rendered":"<p>Sachet tissu coton \u00e0 accrocher ou \u00e0 placer dans les armoires.<\/p>\n<p><span style=\"text-decoration: underline;\">Liste d&rsquo;ingr\u00e9dients<\/span> :<\/p>\n<p>Lavante C\u00e8dre Laurier Marron Girofle<\/p>\n<p><span style=\"text-decoration: underline;\">DLC\/DLUO<\/span> :<\/p>\n<p>01\/23<\/p>\n","protected":false},"excerpt":{"rendered":"<p>Sachet tissu coton \u00e0 accrocher ou \u00e0 placer dans les armoires.<\/p>\n","protected":false},"featured_media":1600,"comment_status":"closed","ping_status":"closed","template":"","meta":{"_acf_changed":false},"product_brand":[],"product_cat":[506],"product_tag":[],"class_list":{"0":"post-954","1":"product","2":"type-product","3":"status-publish","4":"has-post-thumbnail","6":"product_cat-objets-cuisine","7":"pa_marque-mama-trotter","9":"first","10":"instock","11":"taxable","12":"shipping-taxable","13":"purchasable","14":"product-type-simple"},"acf":[],"_links":{"self":[{"href":"https:\/\/www.mamatrotter.com\/fr\/wp-json\/wp\/v2\/product\/954","targetHints":{"allow":["GET"]}}],"collection":[{"href":"https:\/\/www.mamatrotter.com\/fr\/wp-json\/wp\/v2\/product"}],"about":[{"href":"https:\/\/www.mamatrotter.com\/fr\/wp-json\/wp\/v2\/types\/product"}],"replies":[{"embeddable":true,"href":"https:\/\/www.mamatrotter.com\/fr\/wp-json\/wp\/v2\/comments?post=954"}],"version-history":[{"count":1,"href":"https:\/\/www.mamatrotter.com\/fr\/wp-json\/wp\/v2\/product\/954\/revisions"}],"predecessor-version":[{"id":955,"href":"https:\/\/www.mamatrotter.com\/fr\/wp-json\/wp\/v2\/product\/954\/revisions\/955"}],"wp:featuredmedia":[{"embeddable":true,"href":"https:\/\/www.mamatrotter.com\/fr\/wp-json\/wp\/v2\/media\/1600"}],"wp:attachment":[{"href":"https:\/\/www.mamatrotter.com\/fr\/wp-json\/wp\/v2\/media?parent=954"}],"wp:term":[{"taxonomy":"product_brand","embeddable":true,"href":"https:\/\/www.mamatrotter.com\/fr\/wp-json\/wp\/v2\/product_brand?post=954"},{"taxonomy":"product_cat","embeddable":true,"href":"https:\/\/www.mamatrotter.com\/fr\/wp-json\/wp\/v2\/product_cat?post=954"},{"taxonomy":"product_tag","embeddable":true,"href":"https:\/\/www.mamatrotter.com\/fr\/wp-json\/wp\/v2\/product_tag?post=954"}],"curies":[{"name":"wp","href":"https:\/\/api.w.org\/{rel}","templated":true}]}}