{"id":971,"date":"2021-02-12T11:23:05","date_gmt":"2021-02-12T10:23:05","guid":{"rendered":"https:\/\/www.mamatrotter.com\/?post_type=product&#038;p=971"},"modified":"2021-02-12T11:23:05","modified_gmt":"2021-02-12T10:23:05","slug":"mousse-de-carpes-de-la-dombes","status":"publish","type":"product","link":"https:\/\/www.mamatrotter.com\/fr\/produit\/mousse-de-carpes-de-la-dombes\/","title":{"rendered":"Mousse de carpes de la Dombes"},"content":{"rendered":"<p>Mousse de carpes de la Dombes.<\/p>\n<p><span style=\"text-decoration: underline;\">Liste d&rsquo;ingr\u00e9dients<\/span> :<\/p>\n<p>Filet de carpe p\u00each\u00e9 en Dombes 44%, cr\u00e8me, lait, oeufs, blanc d&rsquo;oeufs, \u00e9chalotes, Chardonnay du Bugey (contient des sulfites), sel, amidon transform\u00e9 de mais, prot\u00e9ines de lait, \u00e9pices<\/p>\n<p><span style=\"text-decoration: underline;\">Conditionnement<\/span> :<\/p>\n<p>100G<\/p>\n<p><span style=\"text-decoration: underline;\">DLC\/DLUO<\/span> :<\/p>\n<p>02\/21<\/p>\n","protected":false},"excerpt":{"rendered":"<p>Mousse de carpes de la Dombes.<\/p>\n","protected":false},"featured_media":972,"comment_status":"closed","ping_status":"closed","template":"","meta":{"_acf_changed":false},"product_brand":[],"product_cat":[531],"product_tag":[],"class_list":{"0":"post-971","1":"product","2":"type-product","3":"status-publish","4":"has-post-thumbnail","6":"product_cat-nos-gourmandises","7":"pa_marque-sardelices","9":"first","10":"instock","11":"taxable","12":"shipping-taxable","13":"purchasable","14":"product-type-simple"},"acf":[],"_links":{"self":[{"href":"https:\/\/www.mamatrotter.com\/fr\/wp-json\/wp\/v2\/product\/971","targetHints":{"allow":["GET"]}}],"collection":[{"href":"https:\/\/www.mamatrotter.com\/fr\/wp-json\/wp\/v2\/product"}],"about":[{"href":"https:\/\/www.mamatrotter.com\/fr\/wp-json\/wp\/v2\/types\/product"}],"replies":[{"embeddable":true,"href":"https:\/\/www.mamatrotter.com\/fr\/wp-json\/wp\/v2\/comments?post=971"}],"version-history":[{"count":1,"href":"https:\/\/www.mamatrotter.com\/fr\/wp-json\/wp\/v2\/product\/971\/revisions"}],"predecessor-version":[{"id":973,"href":"https:\/\/www.mamatrotter.com\/fr\/wp-json\/wp\/v2\/product\/971\/revisions\/973"}],"wp:featuredmedia":[{"embeddable":true,"href":"https:\/\/www.mamatrotter.com\/fr\/wp-json\/wp\/v2\/media\/972"}],"wp:attachment":[{"href":"https:\/\/www.mamatrotter.com\/fr\/wp-json\/wp\/v2\/media?parent=971"}],"wp:term":[{"taxonomy":"product_brand","embeddable":true,"href":"https:\/\/www.mamatrotter.com\/fr\/wp-json\/wp\/v2\/product_brand?post=971"},{"taxonomy":"product_cat","embeddable":true,"href":"https:\/\/www.mamatrotter.com\/fr\/wp-json\/wp\/v2\/product_cat?post=971"},{"taxonomy":"product_tag","embeddable":true,"href":"https:\/\/www.mamatrotter.com\/fr\/wp-json\/wp\/v2\/product_tag?post=971"}],"curies":[{"name":"wp","href":"https:\/\/api.w.org\/{rel}","templated":true}]}}